{"id":2013,"date":"2019-03-09T13:03:00","date_gmt":"2019-03-09T12:03:00","guid":{"rendered":"http:\/\/www.masdanza.com\/english\/?page_id=2013"},"modified":"2019-04-03T18:38:07","modified_gmt":"2019-04-03T16:38:07","slug":"12masdanza","status":"publish","type":"page","link":"https:\/\/www.masdanza.com\/english\/12masdanza\/","title":{"rendered":"12MASDANZA"},"content":{"rendered":"\n<p style=\"text-align:center\" class=\"has-large-font-size\"><strong>Choreography Contest<\/strong><\/p>\n\n\n\n<ul><li><strong>First Prize <\/strong><\/li><\/ul>\n\n\n\n<p><strong>BACK\u00a0<\/strong> (Barcelona, Spain) <\/p>\n\n\n\n<blockquote class=\"wp-block-quote\"><p><strong>Choreographer:<\/strong> Sebasti\u00e1n Garc\u00eda Ferro y Ester Forment<\/p><p><strong>Performers:<\/strong> Sebasti\u00e1n Garc\u00eda Ferro, Ester Forment, Claudia Solano<\/p><\/blockquote>\n\n\n\n<hr class=\"wp-block-separator\"\/>\n\n\n\n<ul><li><strong>Second Prize  <\/strong><\/li><\/ul>\n\n\n\n<p><strong>ELMER<\/strong> (The Haghe, The Netherlands) <\/p>\n\n\n\n<blockquote class=\"wp-block-quote\"><p><strong>Choreographer: <\/strong>Fran\u00e7ois Chirpaz &amp; Kristen Cere <\/p><p><strong>Performers:<\/strong> Samir Calixto, Ingrid Proulx, Sarah Desrosiers, Kristen Cere<\/p><\/blockquote>\n\n\n\n<hr class=\"wp-block-separator\"\/>\n\n\n\n<ul><li><strong>Third Prize  <\/strong><\/li><\/ul>\n\n\n\n<p><strong>MUTEKI<\/strong> (Tokyo, Japan) <\/p>\n\n\n\n<blockquote class=\"wp-block-quote\"><p><strong>Choreographer:<\/strong> Ayako Hamaguchi (Jap\u00f3n \/ Japan)<\/p><p><strong>Performers:<\/strong> Risa Tachiyama, Milla, Ayako Hamaguchi<\/p><\/blockquote>\n\n\n\n<hr class=\"wp-block-separator\"\/>\n\n\n\n<p style=\"text-align:center\" class=\"has-large-font-size\"><strong>Solo Contest<\/strong><\/p>\n\n\n\n<ul><li><strong>First Prize  <\/strong><\/li><\/ul>\n\n\n\n<p><strong>S\u00c9RIE<\/strong>  (Paris, France) <\/p>\n\n\n\n<blockquote class=\"wp-block-quote\"><p><strong>Choreographer:<\/strong> Perrine Valli (Francia \/ France)<\/p><p><strong>Performers:<\/strong> Perrine Valli<\/p><\/blockquote>\n\n\n\n<hr class=\"wp-block-separator\"\/>\n\n\n\n<ul><li><strong>Second Prize  <\/strong><\/li><\/ul>\n\n\n\n<p><strong>PERFORMING DREAM<\/strong> (Seoul, South Korea) <\/p>\n\n\n\n<blockquote class=\"wp-block-quote\"><p><strong>Choreographer:<\/strong> Sun-A Lee<\/p><p><strong>Performer:<\/strong> Sun-A Lee<\/p><\/blockquote>\n\n\n\n<hr class=\"wp-block-separator\"\/>\n\n\n\n<ul><li><strong>Tercer Premio  <\/strong><\/li><\/ul>\n\n\n\n<p><strong>LOW SKIES, HIGH SIGHTS<\/strong> (Amsterdam, The Netherlands) <\/p>\n\n\n\n<blockquote class=\"wp-block-quote\"><p><strong>Choreographer:<\/strong> Adva Zakai  <\/p><p><strong>Performer:<\/strong> Adva Zakai<\/p><\/blockquote>\n\n\n<p><!--EndFragment--><\/p>\n<p><\/p>","protected":false},"excerpt":{"rendered":"<p>Choreography Contest First Prize BACK\u00a0 (Barcelona, Spain) Choreographer: Sebasti\u00e1n Garc\u00eda Ferro y Ester Forment Performers: Sebasti\u00e1n Garc\u00eda Ferro, Ester Forment, Claudia Solano Second Prize ELMER (The Haghe, The Netherlands) Choreographer: Fran\u00e7ois Chirpaz &amp; Kristen Cere Performers: Samir Calixto, Ingrid Proulx, Sarah Desrosiers, Kristen Cere Third Prize MUTEKI (Tokyo, Japan) Choreographer: Ayako Hamaguchi (Jap\u00f3n \/ Japan) [&hellip;]<\/p>\n","protected":false},"author":1,"featured_media":2247,"parent":0,"menu_order":0,"comment_status":"closed","ping_status":"closed","template":"","meta":{"_genesis_hide_title":false,"_genesis_hide_breadcrumbs":false,"_genesis_hide_singular_image":false,"_genesis_hide_footer_widgets":false,"_genesis_custom_body_class":"","_genesis_custom_post_class":"","_genesis_layout":"","footnotes":""},"_links":{"self":[{"href":"https:\/\/www.masdanza.com\/english\/wp-json\/wp\/v2\/pages\/2013"}],"collection":[{"href":"https:\/\/www.masdanza.com\/english\/wp-json\/wp\/v2\/pages"}],"about":[{"href":"https:\/\/www.masdanza.com\/english\/wp-json\/wp\/v2\/types\/page"}],"author":[{"embeddable":true,"href":"https:\/\/www.masdanza.com\/english\/wp-json\/wp\/v2\/users\/1"}],"replies":[{"embeddable":true,"href":"https:\/\/www.masdanza.com\/english\/wp-json\/wp\/v2\/comments?post=2013"}],"version-history":[{"count":5,"href":"https:\/\/www.masdanza.com\/english\/wp-json\/wp\/v2\/pages\/2013\/revisions"}],"predecessor-version":[{"id":2292,"href":"https:\/\/www.masdanza.com\/english\/wp-json\/wp\/v2\/pages\/2013\/revisions\/2292"}],"wp:featuredmedia":[{"embeddable":true,"href":"https:\/\/www.masdanza.com\/english\/wp-json\/wp\/v2\/media\/2247"}],"wp:attachment":[{"href":"https:\/\/www.masdanza.com\/english\/wp-json\/wp\/v2\/media?parent=2013"}],"curies":[{"name":"wp","href":"https:\/\/api.w.org\/{rel}","templated":true}]}}