{"id":2002,"date":"2019-03-09T11:28:31","date_gmt":"2019-03-09T10:28:31","guid":{"rendered":"http:\/\/www.masdanza.com\/english\/?page_id=2002"},"modified":"2019-04-03T18:00:18","modified_gmt":"2019-04-03T16:00:18","slug":"15masdanza","status":"publish","type":"page","link":"https:\/\/www.masdanza.com\/english\/15masdanza\/","title":{"rendered":"15MASDANZA"},"content":{"rendered":"\n<p style=\"text-align:center\" class=\"has-large-font-size\"><strong>Choreography Contest<\/strong><\/p>\n\n\n\n<ul><li><strong>First Prize <\/strong><\/li><\/ul>\n\n\n\n<p><strong>RUSH<\/strong>\u00a0 <br>(Hertfordshire,  United Kingdom) <\/p>\n\n\n\n<blockquote class=\"wp-block-quote\"><p><strong>Choreographer:<\/strong> Harriet Macauley  <\/p><p><strong>Performers:<\/strong> Luke Birch, Karolina Kraczkowska, Vanessa Abreu<\/p><\/blockquote>\n\n\n\n<hr class=\"wp-block-separator\"\/>\n\n\n\n<ul><li><strong>Second Prize<\/strong>  <\/li><\/ul>\n\n\n\n<p><strong>UN RICAMO FATTO SUL NULLA -TRIO<\/strong>  (Bologna, Italy) <\/p>\n\n\n\n<blockquote class=\"wp-block-quote\"><p><strong>Choreographer:<\/strong> Fabrizio Favale  <\/p><p><strong>Performers :<\/strong> Marta Capaccioli, Samuele Cardini, Martina Danieli<\/p><\/blockquote>\n\n\n\n<hr class=\"wp-block-separator\"\/>\n\n\n\n<ul><li><strong>Third Prize  <\/strong><\/li><\/ul>\n\n\n\n<p><strong>TAO TE<\/strong> (Budapest, Hungary) <\/p>\n\n\n\n<blockquote class=\"wp-block-quote\"><p><strong>Choreographer:<\/strong> Ferenc Feh\u00e9r, \u00c1kos D\u00f3zsa  <\/p><p><strong>Performers:<\/strong> \u00c1kos D\u00f3zsa, Judit Simon, Ferenc Feh\u00e9r<\/p><\/blockquote>\n\n\n\n<hr class=\"wp-block-separator\"\/>\n\n\n\n<p style=\"text-align:center\" class=\"has-large-font-size\"><strong>Solo Contest<\/strong><\/p>\n\n\n\n<ul><li><strong>First Prize <\/strong><\/li><\/ul>\n\n\n\n<p><strong>WHERE THE THINGS HIDE<\/strong>  (Biblos, Lebanon \/ Barcelona, Spain) <\/p>\n\n\n\n<blockquote class=\"wp-block-quote\"><p><strong>Choreographer:<\/strong> Guy Nader  <\/p><p><strong>Performer:<\/strong> Guy Nader<\/p><\/blockquote>\n\n\n\n<hr class=\"wp-block-separator\"\/>\n\n\n\n<ul><li><strong>Second Prize  <\/strong><\/li><\/ul>\n\n\n\n<p><strong>DIGITALIS&nbsp;<\/strong>  (Tokyo, Japan) <\/p>\n\n\n\n<blockquote class=\"wp-block-quote\"><p><strong>Choreographer:<\/strong> Yumi Osanai <\/p><p><strong>Performer:<\/strong> Yumi Osanai<\/p><\/blockquote>\n\n\n\n<hr class=\"wp-block-separator\"\/>\n\n\n\n<ul><li><strong>Third Prize <\/strong><\/li><\/ul>\n\n\n\n<p><strong>ETEINS PAS<\/strong> (Birmingham, United Kingdom) <\/p>\n\n\n\n<blockquote class=\"wp-block-quote\"><p><strong>Choreographer:<\/strong> Mickael Marso Rivi\u00e8re (\u201cMarso\u201d)  <\/p><p><strong>Performer: <\/strong>Mickael Marso Rivi\u00e8re (\u201cMarso\u201d)<\/p><\/blockquote>\n","protected":false},"excerpt":{"rendered":"<p>Choreography Contest First Prize RUSH\u00a0 (Hertfordshire, United Kingdom) Choreographer: Harriet Macauley Performers: Luke Birch, Karolina Kraczkowska, Vanessa Abreu Second Prize UN RICAMO FATTO SUL NULLA -TRIO (Bologna, Italy) Choreographer: Fabrizio Favale Performers : Marta Capaccioli, Samuele Cardini, Martina Danieli Third Prize TAO TE (Budapest, Hungary) Choreographer: Ferenc Feh\u00e9r, \u00c1kos D\u00f3zsa Performers: \u00c1kos D\u00f3zsa, Judit Simon, [&hellip;]<\/p>\n","protected":false},"author":1,"featured_media":2244,"parent":0,"menu_order":0,"comment_status":"closed","ping_status":"closed","template":"","meta":{"_genesis_hide_title":false,"_genesis_hide_breadcrumbs":false,"_genesis_hide_singular_image":false,"_genesis_hide_footer_widgets":false,"_genesis_custom_body_class":"","_genesis_custom_post_class":"","_genesis_layout":"","footnotes":""},"_links":{"self":[{"href":"https:\/\/www.masdanza.com\/english\/wp-json\/wp\/v2\/pages\/2002"}],"collection":[{"href":"https:\/\/www.masdanza.com\/english\/wp-json\/wp\/v2\/pages"}],"about":[{"href":"https:\/\/www.masdanza.com\/english\/wp-json\/wp\/v2\/types\/page"}],"author":[{"embeddable":true,"href":"https:\/\/www.masdanza.com\/english\/wp-json\/wp\/v2\/users\/1"}],"replies":[{"embeddable":true,"href":"https:\/\/www.masdanza.com\/english\/wp-json\/wp\/v2\/comments?post=2002"}],"version-history":[{"count":5,"href":"https:\/\/www.masdanza.com\/english\/wp-json\/wp\/v2\/pages\/2002\/revisions"}],"predecessor-version":[{"id":2276,"href":"https:\/\/www.masdanza.com\/english\/wp-json\/wp\/v2\/pages\/2002\/revisions\/2276"}],"wp:featuredmedia":[{"embeddable":true,"href":"https:\/\/www.masdanza.com\/english\/wp-json\/wp\/v2\/media\/2244"}],"wp:attachment":[{"href":"https:\/\/www.masdanza.com\/english\/wp-json\/wp\/v2\/media?parent=2002"}],"curies":[{"name":"wp","href":"https:\/\/api.w.org\/{rel}","templated":true}]}}