{"id":1996,"date":"2019-03-09T11:13:29","date_gmt":"2019-03-09T10:13:29","guid":{"rendered":"http:\/\/www.masdanza.com\/english\/?page_id=1996"},"modified":"2019-04-03T18:07:21","modified_gmt":"2019-04-03T16:07:21","slug":"18masdanza","status":"publish","type":"page","link":"https:\/\/www.masdanza.com\/english\/18masdanza\/","title":{"rendered":"18MASDANZA"},"content":{"rendered":"\n<ul><li> <strong>Jury Prize Solo Contest  <\/strong><\/li><\/ul>\n\n\n\n<p><strong>HIGHLIGHT OF DECLINE<\/strong> (Tokyo, Japan) <\/p>\n\n\n\n<blockquote class=\"wp-block-quote\"><p><strong>Choreographer:<\/strong> Miwa Okuno <\/p><p><strong>Performer:<\/strong> Miwa Okuno<\/p><\/blockquote>\n\n\n\n<hr class=\"wp-block-separator\"\/>\n\n\n\n<ul><li> <strong>Jury Prize Choreography Contest <\/strong><\/li><\/ul>\n\n\n\n<p><strong>fETCH<\/strong>  (Madrid, Spain) <\/p>\n\n\n\n<blockquote class=\"wp-block-quote\"><p> <strong>Choreographer:<\/strong> Mar Rodr\u00edguez Valverde, Bego\u00f1a Qui\u00f1ones <\/p><p> <strong>Performer:<\/strong>  Mar Rodr\u00edguez Valverde, Bego\u00f1a Qui\u00f1ones.<\/p><\/blockquote>\n\n\n\n<hr class=\"wp-block-separator\"\/>\n\n\n\n<ul><li><strong>Audience Prize Solo Contest <\/strong><\/li><\/ul>\n\n\n\n<p><strong>RED FIELDS<\/strong> (Tel Aviv, Israel) <\/p>\n\n\n\n<blockquote class=\"wp-block-quote\"><p> <strong>Choreographer:<\/strong>  Sharon Vazanna <\/p><p> <strong>Performer:<\/strong>   Ravid Abarbanel<\/p><\/blockquote>\n\n\n\n<hr class=\"wp-block-separator\"\/>\n\n\n\n<ul><li><strong>Audience Prize Choreography Contest <\/strong><\/li><\/ul>\n\n\n\n<p><strong>HAY UN NO S\u00c9 QU\u00c9 NO S\u00c9 D\u00d3NDE <\/strong> (Berlin, Germany) <\/p>\n\n\n\n<blockquote class=\"wp-block-quote\"><p><strong>Choreographers:<\/strong> Elisabetta Lauro, C\u00e9sar Augusto Cuenca Torres<\/p><p><strong>Performers:<\/strong>\u00a0Elisabetta Lauro, C\u00e9sar Augusto Cuenca Torres<\/p><\/blockquote>\n\n\n\n<hr class=\"wp-block-separator\"\/>\n\n\n\n<ul><li><strong>Best Performer <\/strong><\/li><\/ul>\n\n\n\n<p><strong>TURN OF THE DAWN <\/strong>(Seoul, South Korea) <\/p>\n\n\n\n<blockquote class=\"wp-block-quote\"><p> <strong>Choreographer:<\/strong>  Hyunjin Jung <\/p><p> <strong>Performer:<\/strong>  Seunghae Kim, Hyunjin Jung<\/p><\/blockquote>\n\n\n\n<hr class=\"wp-block-separator\"\/>\n\n\n\n<ul><li><strong>Special Mention by the Jury in the Solo Contest  <\/strong><\/li><\/ul>\n\n\n\n<p><strong>QUI, ORA <\/strong>(Prato \u2013 Toscana, Italy) <\/p>\n\n\n\n<blockquote class=\"wp-block-quote\"><p><strong>Choreographer:<\/strong> Claudia Catarzi <\/p><p><strong>Performer: <\/strong>Claudia Catarzi<\/p><\/blockquote>\n\n\n\n<hr class=\"wp-block-separator\"\/>\n\n\n\n<ul><li><strong>Special Mention by the Jury in the Choreography Contest <\/strong><\/li><\/ul>\n\n\n\n<p><strong>HAY UN NO S\u00c9 QU\u00c9 NO S\u00c9 D\u00d3NDE <\/strong> (Berl\u00edn, Germany) <\/p>\n\n\n\n<blockquote class=\"wp-block-quote\"><p><strong>Choreographers:<\/strong> Elisabetta Lauro, C\u00e9sar Augusto Cuenca Torres <\/p><p> <strong>Performers:<\/strong> Elisabetta Lauro, C\u00e9sar Augusto Cuenca Torres<\/p><\/blockquote>\n\n\n<p><!--EndFragment--><\/p>\n<p><\/p>","protected":false},"excerpt":{"rendered":"<p>Jury Prize Solo Contest HIGHLIGHT OF DECLINE (Tokyo, Japan) Choreographer: Miwa Okuno Performer: Miwa Okuno Jury Prize Choreography Contest fETCH (Madrid, Spain) Choreographer: Mar Rodr\u00edguez Valverde, Bego\u00f1a Qui\u00f1ones Performer: Mar Rodr\u00edguez Valverde, Bego\u00f1a Qui\u00f1ones. Audience Prize Solo Contest RED FIELDS (Tel Aviv, Israel) Choreographer: Sharon Vazanna Performer: Ravid Abarbanel Audience Prize Choreography Contest HAY UN [&hellip;]<\/p>\n","protected":false},"author":1,"featured_media":2241,"parent":0,"menu_order":0,"comment_status":"closed","ping_status":"closed","template":"","meta":{"_genesis_hide_title":false,"_genesis_hide_breadcrumbs":false,"_genesis_hide_singular_image":false,"_genesis_hide_footer_widgets":false,"_genesis_custom_body_class":"","_genesis_custom_post_class":"","_genesis_layout":"","footnotes":""},"_links":{"self":[{"href":"https:\/\/www.masdanza.com\/english\/wp-json\/wp\/v2\/pages\/1996"}],"collection":[{"href":"https:\/\/www.masdanza.com\/english\/wp-json\/wp\/v2\/pages"}],"about":[{"href":"https:\/\/www.masdanza.com\/english\/wp-json\/wp\/v2\/types\/page"}],"author":[{"embeddable":true,"href":"https:\/\/www.masdanza.com\/english\/wp-json\/wp\/v2\/users\/1"}],"replies":[{"embeddable":true,"href":"https:\/\/www.masdanza.com\/english\/wp-json\/wp\/v2\/comments?post=1996"}],"version-history":[{"count":5,"href":"https:\/\/www.masdanza.com\/english\/wp-json\/wp\/v2\/pages\/1996\/revisions"}],"predecessor-version":[{"id":2280,"href":"https:\/\/www.masdanza.com\/english\/wp-json\/wp\/v2\/pages\/1996\/revisions\/2280"}],"wp:featuredmedia":[{"embeddable":true,"href":"https:\/\/www.masdanza.com\/english\/wp-json\/wp\/v2\/media\/2241"}],"wp:attachment":[{"href":"https:\/\/www.masdanza.com\/english\/wp-json\/wp\/v2\/media?parent=1996"}],"curies":[{"name":"wp","href":"https:\/\/api.w.org\/{rel}","templated":true}]}}