{"id":1985,"date":"2019-03-09T10:48:21","date_gmt":"2019-03-09T09:48:21","guid":{"rendered":"http:\/\/www.masdanza.com\/english\/?page_id=1985"},"modified":"2019-04-03T18:56:29","modified_gmt":"2019-04-03T16:56:29","slug":"23masdanza","status":"publish","type":"page","link":"https:\/\/www.masdanza.com\/english\/23masdanza\/","title":{"rendered":"23MASDANZA"},"content":{"rendered":"\n<ul><li><strong>JURY PRIZE IN THE CHOREOGRAPHY CONTEST&nbsp;<\/strong>&nbsp;<\/li><\/ul>\n\n\n\n<p><strong>ALANDA <\/strong>(Ja\u00e9n, Spain)<\/p>\n\n\n\n<blockquote class=\"wp-block-quote\"><p><strong>Created by:<\/strong> MARIO BERM\u00daDEZ GIL&nbsp;&nbsp;&nbsp;&nbsp;&nbsp; <\/p><p><strong>Performers:<\/strong> Catherine Coury &amp; Mario Berm\u00fadez Gil&nbsp;&nbsp;&nbsp; <\/p><\/blockquote>\n\n\n\n<hr class=\"wp-block-separator\"\/>\n\n\n\n<ul><li>J<strong>URY PRIZE IN THE SOLO CONTEST<\/strong><\/li><\/ul>\n\n\n\n<p><strong>NEREO AHOG\u00c1NDOSE <\/strong>(Albacete, Spain)<\/p>\n\n\n\n<blockquote class=\"wp-block-quote\"><p> <strong>Created &amp; Performed by :<\/strong> JOAQU\u00cdN COLLADO PARRE\u00d1O<\/p><\/blockquote>\n\n\n\n<hr class=\"wp-block-separator\"\/>\n\n\n\n<ul><li><strong>BEST PERFORMER AWARD<\/strong><\/li><\/ul>\n\n\n\n<p><strong>SELFISH ANSWER <\/strong>(Seoul, South Korea)<\/p>\n\n\n\n<blockquote class=\"wp-block-quote\"><p><strong>Created by:<\/strong> SEO YOUN KIM<\/p><\/blockquote>\n\n\n\n<hr class=\"wp-block-separator\"\/>\n\n\n\n<ul><li><strong>AUDIENCE AWARD BEST CHOREOGRAPHY \/\/SPECIAL MENTION OF THE JURY IN THE CHOREOGRAPHY CONTEST&nbsp;&nbsp;<\/strong>&nbsp;&nbsp;&nbsp;&nbsp; <\/li><\/ul>\n\n\n\n<p><strong>RELATIONSHIPS<\/strong>(Guangzhou, China)<\/p>\n\n\n\n<blockquote class=\"wp-block-quote\"><p><strong>Created by: <\/strong>ZHIREN XIAO &amp; RAN SUN<\/p><\/blockquote>\n\n\n\n<p><strong>Performed by: <\/strong>Mengbo Li &amp; Zhiren Xiao<\/p>\n\n\n\n<hr class=\"wp-block-separator\"\/>\n\n\n\n<ul><li><strong>AUDIENCE AWARD BEST SOLO<\/strong><\/li><\/ul>\n\n\n\n<p><strong>COMING HOME <\/strong>(New York, United States of America) <\/p>\n\n\n\n<blockquote class=\"wp-block-quote\"><p><strong>Created by:<\/strong> YOSHITO SAKURABA<\/p><p><strong>Performed by:<\/strong> Sean Nederlof<\/p><\/blockquote>\n\n\n\n<hr class=\"wp-block-separator\"\/>\n\n\n\n<ul><li><strong>THE ACORAN AWARD OF THE CANARIAN ARTISTIC COMMUNITY<\/strong><\/li><\/ul>\n\n\n\n<p><strong>D\u2019MES <\/strong>(Turin, Italy)<\/p>\n\n\n\n<blockquote class=\"wp-block-quote\"><p> <strong>Created &amp; Performed by : <\/strong>DANIELE SALVITTO &amp; FEDERICA FRANCESE&nbsp;&nbsp;&nbsp;&nbsp;&nbsp;&nbsp; <\/p><\/blockquote>\n\n\n\n<hr class=\"wp-block-separator\"\/>\n\n\n\n<ul><li><strong>SPECIAL MENTION OF THE JURY IN THE SOLO CONTEST<\/strong><\/li><\/ul>\n\n\n\n<p><strong>BOYS DON\u2019T CRY <\/strong>(Berlin, Germany \u2013 Tel Aviv, Israel)<\/p>\n\n\n\n<p><strong> Created &amp; Performed by :<\/strong> YOTAM PELED<\/p>\n\n\n<p><!--EndFragment--><\/p>\n<p><\/p>\n\n\n<p><\/p>\n","protected":false},"excerpt":{"rendered":"<p>JURY PRIZE IN THE CHOREOGRAPHY CONTEST&nbsp;&nbsp; ALANDA (Ja\u00e9n, Spain) Created by: MARIO BERM\u00daDEZ GIL&nbsp;&nbsp;&nbsp;&nbsp;&nbsp; Performers: Catherine Coury &amp; Mario Berm\u00fadez Gil&nbsp;&nbsp;&nbsp; JURY PRIZE IN THE SOLO CONTEST NEREO AHOG\u00c1NDOSE (Albacete, Spain) Created &amp; Performed by : JOAQU\u00cdN COLLADO PARRE\u00d1O BEST PERFORMER AWARD SELFISH ANSWER (Seoul, South Korea) Created by: SEO YOUN KIM AUDIENCE AWARD BEST [&hellip;]<\/p>\n","protected":false},"author":1,"featured_media":2226,"parent":0,"menu_order":0,"comment_status":"closed","ping_status":"closed","template":"","meta":{"_genesis_hide_title":false,"_genesis_hide_breadcrumbs":false,"_genesis_hide_singular_image":false,"_genesis_hide_footer_widgets":false,"_genesis_custom_body_class":"","_genesis_custom_post_class":"","_genesis_layout":"","footnotes":""},"_links":{"self":[{"href":"https:\/\/www.masdanza.com\/english\/wp-json\/wp\/v2\/pages\/1985"}],"collection":[{"href":"https:\/\/www.masdanza.com\/english\/wp-json\/wp\/v2\/pages"}],"about":[{"href":"https:\/\/www.masdanza.com\/english\/wp-json\/wp\/v2\/types\/page"}],"author":[{"embeddable":true,"href":"https:\/\/www.masdanza.com\/english\/wp-json\/wp\/v2\/users\/1"}],"replies":[{"embeddable":true,"href":"https:\/\/www.masdanza.com\/english\/wp-json\/wp\/v2\/comments?post=1985"}],"version-history":[{"count":7,"href":"https:\/\/www.masdanza.com\/english\/wp-json\/wp\/v2\/pages\/1985\/revisions"}],"predecessor-version":[{"id":2299,"href":"https:\/\/www.masdanza.com\/english\/wp-json\/wp\/v2\/pages\/1985\/revisions\/2299"}],"wp:featuredmedia":[{"embeddable":true,"href":"https:\/\/www.masdanza.com\/english\/wp-json\/wp\/v2\/media\/2226"}],"wp:attachment":[{"href":"https:\/\/www.masdanza.com\/english\/wp-json\/wp\/v2\/media?parent=1985"}],"curies":[{"name":"wp","href":"https:\/\/api.w.org\/{rel}","templated":true}]}}