{"id":1983,"date":"2019-03-08T19:11:31","date_gmt":"2019-03-08T18:11:31","guid":{"rendered":"http:\/\/www.masdanza.com\/english\/?page_id=1983"},"modified":"2019-04-03T17:56:30","modified_gmt":"2019-04-03T15:56:30","slug":"10masdanza","status":"publish","type":"page","link":"https:\/\/www.masdanza.com\/english\/10masdanza\/","title":{"rendered":"10MASDANZA"},"content":{"rendered":"\n<p style=\"text-align:center\" class=\"has-large-font-size\">Choreography Constest<\/p>\n\n\n\n<ul><li><strong>First Prize<\/strong> <\/li><\/ul>\n\n\n\n<p><strong>10 MINUTOS DESPU\u00c9S DE YO<\/strong> (Santo Domingo de Heredia, Costa Rica)  <\/p>\n\n\n\n<blockquote class=\"wp-block-quote\"><p><strong>Choreographer:<\/strong> Jos\u00e9 Andr\u00e9s \u00c1lvarez San\u00f3u <\/p><p><strong>Performers:<\/strong> Jos\u00e9 Andr\u00e9s \u00c1lvarez, Mario Blanco, Alan Cascante<\/p><\/blockquote>\n\n\n\n<hr class=\"wp-block-separator\"\/>\n\n\n\n<ul><li><strong>Second Prize <\/strong><\/li><\/ul>\n\n\n\n<p><strong>0 \u2013 0 \u2013 0 &gt; 5 <\/strong> (Vienna, Austria) <\/p>\n\n\n\n<blockquote class=\"wp-block-quote\"><p><strong>Choreographer:<\/strong> Helene Weinzierl <\/p><p><strong>Performers:<\/strong> Helena Arenbergerova, Iris Heitzinger, Honza Mal\u00edk, Petr Opavsk\u00fd<\/p><\/blockquote>\n\n\n\n<hr class=\"wp-block-separator\"\/>\n\n\n\n<ul><li><strong>Third Prize<\/strong><\/li><\/ul>\n\n\n\n<p><strong>INSIDE EACH OF US<\/strong> (Prague, Czech Republic) <\/p>\n\n\n\n<blockquote class=\"wp-block-quote\"><p><strong>Choreographer:<\/strong> Linda Str\u00e1nsk\u00e1 <\/p><p><strong>Performers:<\/strong> V\u00eara Ondra\u0161\u00edkov\u00e1, Daniel Bic, Luk\u00e1\u0161 Nosek, Petr Opavsky, Radomil Trefn\u00fd<\/p><\/blockquote>\n\n\n\n<hr class=\"wp-block-separator\"\/>\n\n\n\n<p style=\"text-align:center\" class=\"has-large-font-size\"><strong>Solo Contest<\/strong><\/p>\n\n\n\n<ul><li><strong>First Prize  <\/strong><\/li><\/ul>\n\n\n\n<p><strong>EGO<\/strong> (Guip\u00fazcoa, Spain) <\/p>\n\n\n\n<blockquote class=\"wp-block-quote\"><p><strong>Choreographer:<\/strong> Asier Zabaleta Mend\u00eda <\/p><p><strong>Performer:<\/strong> Asier Zabaleta Mendia<\/p><\/blockquote>\n\n\n\n<hr class=\"wp-block-separator\"\/>\n\n\n\n<p>Segundo Premio \/ Second Prize &#8211; <\/p>\n\n\n\n<p><strong>INNER POCKET<\/strong> (Tel-Aviv, Israel) <\/p>\n\n\n\n<blockquote class=\"wp-block-quote\"><p><strong>Choreographer:<\/strong> Shlomit Fundaminsky <\/p><p><strong>Performer:<\/strong> Shlomit Fundaminsky<\/p><\/blockquote>\n\n\n\n<hr class=\"wp-block-separator\"\/>\n\n\n\n<ul><li><strong>Third Prize<\/strong><\/li><\/ul>\n\n\n\n<p><strong>ONE-SELF<\/strong> (Natanya, Israel)  <\/p>\n\n\n\n<blockquote class=\"wp-block-quote\"><p><strong>Choreographer:<\/strong> Shlomi Bitton Acco\u00a0 <\/p><p><strong>Performer:<\/strong> Shlomi Bitton\u00a0<\/p><\/blockquote>\n","protected":false},"excerpt":{"rendered":"<p>Choreography Constest First Prize 10 MINUTOS DESPU\u00c9S DE YO (Santo Domingo de Heredia, Costa Rica) Choreographer: Jos\u00e9 Andr\u00e9s \u00c1lvarez San\u00f3u Performers: Jos\u00e9 Andr\u00e9s \u00c1lvarez, Mario Blanco, Alan Cascante Second Prize 0 \u2013 0 \u2013 0 &gt; 5 (Vienna, Austria) Choreographer: Helene Weinzierl Performers: Helena Arenbergerova, Iris Heitzinger, Honza Mal\u00edk, Petr Opavsk\u00fd Third Prize INSIDE EACH [&hellip;]<\/p>\n","protected":false},"author":1,"featured_media":2249,"parent":0,"menu_order":0,"comment_status":"closed","ping_status":"closed","template":"","meta":{"_genesis_hide_title":false,"_genesis_hide_breadcrumbs":false,"_genesis_hide_singular_image":false,"_genesis_hide_footer_widgets":false,"_genesis_custom_body_class":"","_genesis_custom_post_class":"","_genesis_layout":"","footnotes":""},"_links":{"self":[{"href":"https:\/\/www.masdanza.com\/english\/wp-json\/wp\/v2\/pages\/1983"}],"collection":[{"href":"https:\/\/www.masdanza.com\/english\/wp-json\/wp\/v2\/pages"}],"about":[{"href":"https:\/\/www.masdanza.com\/english\/wp-json\/wp\/v2\/types\/page"}],"author":[{"embeddable":true,"href":"https:\/\/www.masdanza.com\/english\/wp-json\/wp\/v2\/users\/1"}],"replies":[{"embeddable":true,"href":"https:\/\/www.masdanza.com\/english\/wp-json\/wp\/v2\/comments?post=1983"}],"version-history":[{"count":6,"href":"https:\/\/www.masdanza.com\/english\/wp-json\/wp\/v2\/pages\/1983\/revisions"}],"predecessor-version":[{"id":2273,"href":"https:\/\/www.masdanza.com\/english\/wp-json\/wp\/v2\/pages\/1983\/revisions\/2273"}],"wp:featuredmedia":[{"embeddable":true,"href":"https:\/\/www.masdanza.com\/english\/wp-json\/wp\/v2\/media\/2249"}],"wp:attachment":[{"href":"https:\/\/www.masdanza.com\/english\/wp-json\/wp\/v2\/media?parent=1983"}],"curies":[{"name":"wp","href":"https:\/\/api.w.org\/{rel}","templated":true}]}}