{"id":1981,"date":"2019-03-08T19:07:53","date_gmt":"2019-03-08T18:07:53","guid":{"rendered":"http:\/\/www.masdanza.com\/english\/?page_id=1981"},"modified":"2019-04-02T16:56:33","modified_gmt":"2019-04-02T14:56:33","slug":"9masdanza","status":"publish","type":"page","link":"https:\/\/www.masdanza.com\/english\/9masdanza\/","title":{"rendered":"9MASDANZA"},"content":{"rendered":"\n<p style=\"text-align:center\" class=\"has-large-font-size\"><strong>Choreography Contest<\/strong><\/p>\n\n\n\n<ul><li><strong>First Prize <\/strong> <\/li><\/ul>\n\n\n\n<p><strong>AIGUES MORTES<\/strong> (Prague, Czech Republic) <\/p>\n\n\n\n<blockquote class=\"wp-block-quote\"><p><strong>Choreographer:<\/strong> Vera Ondrasikova <\/p><\/blockquote>\n\n\n\n<hr class=\"wp-block-separator\"\/>\n\n\n\n<ul><li><strong>Second Prize  <\/strong><\/li><\/ul>\n\n\n\n<p><strong>COMPLETO<\/strong> (Valencia, Spain) <\/p>\n\n\n\n<blockquote class=\"wp-block-quote\"><p><strong>Choreographer:<\/strong> Rafael Linares Torres <\/p><\/blockquote>\n\n\n\n<hr class=\"wp-block-separator\"\/>\n\n\n\n<ul><li><strong>Third Prize <\/strong><\/li><\/ul>\n\n\n\n<p><strong>CAROLINA<\/strong><\/p>\n\n\n\n<blockquote class=\"wp-block-quote\"><p><strong>Choreographers:<\/strong> Carolina Yag\u00fce Morote, Christopher Evans &amp; Philip Amann<\/p><\/blockquote>\n\n\n\n<hr class=\"wp-block-separator\"\/>\n\n\n\n<p style=\"text-align:center\" class=\"has-large-font-size\"><strong>Solo Contest<\/strong><\/p>\n\n\n\n<ul><li><strong>First Prize  <\/strong><\/li><\/ul>\n\n\n\n<p><strong>D\u00daO PARA ELLAS &gt;&gt;&gt; COMIDA PARA DOS<\/strong> (Salzburg, Austria) <\/p>\n\n\n\n<blockquote class=\"wp-block-quote\"><p><strong>Core\u00f3grafas \/ Choreographers:<\/strong> Helene Weinzierl, Helena Arenbergerova<\/p><\/blockquote>\n\n\n\n<hr class=\"wp-block-separator\"\/>\n\n\n\n<ul><li><strong>Second Prize  <\/strong><\/li><\/ul>\n\n\n\n<p><strong>EX \u2013 VOTOS<\/strong> (R\u00edo de Janeiro, Brazil) <\/p>\n\n\n\n<blockquote class=\"wp-block-quote\"><p><strong>Choreographer:<\/strong> Sylvio Dufrayer <\/p><\/blockquote>\n\n\n\n<hr class=\"wp-block-separator\"\/>\n\n\n\n<ul><li><strong>Third Prize <\/strong><\/li><\/ul>\n\n\n\n<p><strong>CABO SUELTO<\/strong> (Barcelona, Spain) <\/p>\n\n\n\n<p><strong>Choreographer:<\/strong> Teresa Garc\u00eda Valenzuela <\/p>\n","protected":false},"excerpt":{"rendered":"<p>Choreography Contest First Prize AIGUES MORTES (Prague, Czech Republic) Choreographer: Vera Ondrasikova Second Prize COMPLETO (Valencia, Spain) Choreographer: Rafael Linares Torres Third Prize CAROLINA Choreographers: Carolina Yag\u00fce Morote, Christopher Evans &amp; Philip Amann Solo Contest First Prize D\u00daO PARA ELLAS &gt;&gt;&gt; COMIDA PARA DOS (Salzburg, Austria) Core\u00f3grafas \/ Choreographers: Helene Weinzierl, Helena Arenbergerova Second Prize [&hellip;]<\/p>\n","protected":false},"author":1,"featured_media":2236,"parent":0,"menu_order":0,"comment_status":"closed","ping_status":"closed","template":"","meta":{"_genesis_hide_title":false,"_genesis_hide_breadcrumbs":false,"_genesis_hide_singular_image":false,"_genesis_hide_footer_widgets":false,"_genesis_custom_body_class":"","_genesis_custom_post_class":"","_genesis_layout":"","footnotes":""},"_links":{"self":[{"href":"https:\/\/www.masdanza.com\/english\/wp-json\/wp\/v2\/pages\/1981"}],"collection":[{"href":"https:\/\/www.masdanza.com\/english\/wp-json\/wp\/v2\/pages"}],"about":[{"href":"https:\/\/www.masdanza.com\/english\/wp-json\/wp\/v2\/types\/page"}],"author":[{"embeddable":true,"href":"https:\/\/www.masdanza.com\/english\/wp-json\/wp\/v2\/users\/1"}],"replies":[{"embeddable":true,"href":"https:\/\/www.masdanza.com\/english\/wp-json\/wp\/v2\/comments?post=1981"}],"version-history":[{"count":6,"href":"https:\/\/www.masdanza.com\/english\/wp-json\/wp\/v2\/pages\/1981\/revisions"}],"predecessor-version":[{"id":2262,"href":"https:\/\/www.masdanza.com\/english\/wp-json\/wp\/v2\/pages\/1981\/revisions\/2262"}],"wp:featuredmedia":[{"embeddable":true,"href":"https:\/\/www.masdanza.com\/english\/wp-json\/wp\/v2\/media\/2236"}],"wp:attachment":[{"href":"https:\/\/www.masdanza.com\/english\/wp-json\/wp\/v2\/media?parent=1981"}],"curies":[{"name":"wp","href":"https:\/\/api.w.org\/{rel}","templated":true}]}}