{"id":1979,"date":"2019-03-08T19:01:26","date_gmt":"2019-03-08T18:01:26","guid":{"rendered":"http:\/\/www.masdanza.com\/english\/?page_id=1979"},"modified":"2019-04-02T16:57:33","modified_gmt":"2019-04-02T14:57:33","slug":"8masdanza","status":"publish","type":"page","link":"https:\/\/www.masdanza.com\/english\/8masdanza\/","title":{"rendered":"8MASDANZA"},"content":{"rendered":"\n<p style=\"text-align:center\" class=\"has-large-font-size\"><strong>Choreography Contest<\/strong><\/p>\n\n\n\n<ul><li><strong>First Prize <\/strong><\/li><\/ul>\n\n\n\n<p><strong>UNGEMEN <\/strong>(Berl\u00edn, Germany)<br><\/p>\n\n\n\n<blockquote class=\"wp-block-quote\"><p><strong>Choreographer:<\/strong> Simone Willeit<\/p><p><strong>Performers:<\/strong> Simone Willeit, Erol Alexandrov, Juschka Weigel.<\/p><\/blockquote>\n\n\n\n<hr class=\"wp-block-separator\"\/>\n\n\n\n<ul><li><strong>Second Prize <\/strong><\/li><\/ul>\n\n\n\n<p><strong>\u2026ION (LA VALSE)<\/strong> (Valencia, Spain) <\/p>\n\n\n\n<blockquote class=\"wp-block-quote\"><p><strong>Choreographer:<\/strong> Rafael Linares <\/p><p><strong>Performers:<\/strong> Lorenza di Calogero, Elena Lerma, J.C. Verd\u00fa<\/p><\/blockquote>\n\n\n\n<hr class=\"wp-block-separator\"\/>\n\n\n\n<ul><li><strong>Third Prize <\/strong> <\/li><\/ul>\n\n\n\n<p><strong>TIEMPOS CENTR\u00cdFUGOS<\/strong><\/p>\n\n\n\n<blockquote class=\"wp-block-quote\"><p><strong>Choreographers:<\/strong> Asun Noales y Gustavo Ram\u00edrez<\/p><p><strong>Performers:<\/strong> Arancha Sagardoy, Juan Carlos Verd\u00fa, Carlos Fern\u00e1ndez, Diana Huertas, Asun Noales.<\/p><\/blockquote>\n\n\n\n<hr class=\"wp-block-separator\"\/>\n\n\n\n<p style=\"text-align:center\" class=\"has-large-font-size\"><strong>Solo Contest<\/strong><\/p>\n\n\n\n<ul><li><strong>Fisrt Prize  <\/strong><\/li><\/ul>\n\n\n\n<p><strong>IHES PUNTUAK<\/strong>  (Guip\u00fazcoa, Spain) <\/p>\n\n\n\n<blockquote class=\"wp-block-quote\"><p><strong>Choreographer:<\/strong> Saioa Iba\u00f1ez <\/p><p><strong>Performer:<\/strong> Saioa Iba\u00f1ez<\/p><\/blockquote>\n\n\n\n<hr class=\"wp-block-separator\"\/>\n\n\n\n<ul><li><strong>Second Prize <\/strong><\/li><\/ul>\n\n\n\n<p><strong>CUANDO VINISTE\u2026CUANDO TE VAS<\/strong> (Germany) <\/p>\n\n\n\n<blockquote class=\"wp-block-quote\"><p><strong>Choreographer:<\/strong> Eileen Bohorquez<\/p><p><strong>Performer:<\/strong> Eileen Bohorquez<\/p><\/blockquote>\n\n\n\n<hr class=\"wp-block-separator\"\/>\n\n\n\n<ul><li><strong>Third Prize <\/strong><\/li><\/ul>\n\n\n\n<p><strong>AH!<\/strong> (Valencia, Spain) <\/p>\n\n\n\n<blockquote class=\"wp-block-quote\"><p><strong>Choreographer:<\/strong> Rafael Linares <\/p><p><strong>Performer:<\/strong> Rafael Linares<\/p><\/blockquote>\n","protected":false},"excerpt":{"rendered":"<p>Choreography Contest First Prize UNGEMEN (Berl\u00edn, Germany) Choreographer: Simone Willeit Performers: Simone Willeit, Erol Alexandrov, Juschka Weigel. Second Prize \u2026ION (LA VALSE) (Valencia, Spain) Choreographer: Rafael Linares Performers: Lorenza di Calogero, Elena Lerma, J.C. Verd\u00fa Third Prize TIEMPOS CENTR\u00cdFUGOS Choreographers: Asun Noales y Gustavo Ram\u00edrez Performers: Arancha Sagardoy, Juan Carlos Verd\u00fa, Carlos Fern\u00e1ndez, Diana Huertas, [&hellip;]<\/p>\n","protected":false},"author":1,"featured_media":2235,"parent":0,"menu_order":0,"comment_status":"closed","ping_status":"closed","template":"","meta":{"_genesis_hide_title":false,"_genesis_hide_breadcrumbs":false,"_genesis_hide_singular_image":false,"_genesis_hide_footer_widgets":false,"_genesis_custom_body_class":"","_genesis_custom_post_class":"","_genesis_layout":"","footnotes":""},"_links":{"self":[{"href":"https:\/\/www.masdanza.com\/english\/wp-json\/wp\/v2\/pages\/1979"}],"collection":[{"href":"https:\/\/www.masdanza.com\/english\/wp-json\/wp\/v2\/pages"}],"about":[{"href":"https:\/\/www.masdanza.com\/english\/wp-json\/wp\/v2\/types\/page"}],"author":[{"embeddable":true,"href":"https:\/\/www.masdanza.com\/english\/wp-json\/wp\/v2\/users\/1"}],"replies":[{"embeddable":true,"href":"https:\/\/www.masdanza.com\/english\/wp-json\/wp\/v2\/comments?post=1979"}],"version-history":[{"count":4,"href":"https:\/\/www.masdanza.com\/english\/wp-json\/wp\/v2\/pages\/1979\/revisions"}],"predecessor-version":[{"id":2263,"href":"https:\/\/www.masdanza.com\/english\/wp-json\/wp\/v2\/pages\/1979\/revisions\/2263"}],"wp:featuredmedia":[{"embeddable":true,"href":"https:\/\/www.masdanza.com\/english\/wp-json\/wp\/v2\/media\/2235"}],"wp:attachment":[{"href":"https:\/\/www.masdanza.com\/english\/wp-json\/wp\/v2\/media?parent=1979"}],"curies":[{"name":"wp","href":"https:\/\/api.w.org\/{rel}","templated":true}]}}