{"id":1975,"date":"2019-03-08T18:54:30","date_gmt":"2019-03-08T17:54:30","guid":{"rendered":"http:\/\/www.masdanza.com\/english\/?page_id=1975"},"modified":"2019-04-03T17:54:09","modified_gmt":"2019-04-03T15:54:09","slug":"6masdanza","status":"publish","type":"page","link":"https:\/\/www.masdanza.com\/english\/6masdanza\/","title":{"rendered":"6MASDANZA"},"content":{"rendered":"\n<ul><li><strong>First Prize <\/strong><\/li><\/ul>\n\n\n\n<p><strong>A FALTA DE PA: EN NUESTRA L\u00cdNEA<\/strong><\/p>\n\n\n\n<blockquote class=\"wp-block-quote\"><p><strong>Choreographers:<\/strong> Aitana Cordero &amp; Alberto S\u00e1nchez<\/p><p><strong>Performers:<\/strong> Aitana Cordero, Alberto S\u00e1nchez, McJony<\/p><\/blockquote>\n\n\n\n<hr class=\"wp-block-separator\"\/>\n\n\n\n<ul><li><strong>Second Prize <\/strong><\/li><\/ul>\n\n\n\n<p><strong>D K\u2019 ME HABLAS?<\/strong><\/p>\n\n\n\n<blockquote class=\"wp-block-quote\"><p><strong>Choreographer:<\/strong> Natalia Monge<\/p><p><strong>Performers:<\/strong> Natalia Monge, Helena Golab, Helena Lizari<\/p><\/blockquote>\n\n\n\n<hr class=\"wp-block-separator\"\/>\n\n\n\n<p>Tercer Premio \/ Third Price \u2013 <strong>CUANDO T\u00da PUEDAS<\/strong><\/p>\n\n\n\n<blockquote class=\"wp-block-quote\"><p><strong>Choreographers:<\/strong> Yaiza Guimar\u00e9, Ricardo S\u00e1las, Jes\u00fas Caram\u00e9s (Madrid, Spain)<\/p><p><strong>Performers:<\/strong> Yaiza Guimar\u00e9, Ricardo S\u00e1las, Jes\u00fas Caram\u00e9s<\/p><\/blockquote>\n","protected":false},"excerpt":{"rendered":"<p>First Prize A FALTA DE PA: EN NUESTRA L\u00cdNEA Choreographers: Aitana Cordero &amp; Alberto S\u00e1nchez Performers: Aitana Cordero, Alberto S\u00e1nchez, McJony Second Prize D K\u2019 ME HABLAS? Choreographer: Natalia Monge Performers: Natalia Monge, Helena Golab, Helena Lizari Tercer Premio \/ Third Price \u2013 CUANDO T\u00da PUEDAS Choreographers: Yaiza Guimar\u00e9, Ricardo S\u00e1las, Jes\u00fas Caram\u00e9s (Madrid, Spain) [&hellip;]<\/p>\n","protected":false},"author":1,"featured_media":2233,"parent":0,"menu_order":0,"comment_status":"closed","ping_status":"closed","template":"","meta":{"_genesis_hide_title":false,"_genesis_hide_breadcrumbs":false,"_genesis_hide_singular_image":false,"_genesis_hide_footer_widgets":false,"_genesis_custom_body_class":"","_genesis_custom_post_class":"","_genesis_layout":"","footnotes":""},"_links":{"self":[{"href":"https:\/\/www.masdanza.com\/english\/wp-json\/wp\/v2\/pages\/1975"}],"collection":[{"href":"https:\/\/www.masdanza.com\/english\/wp-json\/wp\/v2\/pages"}],"about":[{"href":"https:\/\/www.masdanza.com\/english\/wp-json\/wp\/v2\/types\/page"}],"author":[{"embeddable":true,"href":"https:\/\/www.masdanza.com\/english\/wp-json\/wp\/v2\/users\/1"}],"replies":[{"embeddable":true,"href":"https:\/\/www.masdanza.com\/english\/wp-json\/wp\/v2\/comments?post=1975"}],"version-history":[{"count":4,"href":"https:\/\/www.masdanza.com\/english\/wp-json\/wp\/v2\/pages\/1975\/revisions"}],"predecessor-version":[{"id":2269,"href":"https:\/\/www.masdanza.com\/english\/wp-json\/wp\/v2\/pages\/1975\/revisions\/2269"}],"wp:featuredmedia":[{"embeddable":true,"href":"https:\/\/www.masdanza.com\/english\/wp-json\/wp\/v2\/media\/2233"}],"wp:attachment":[{"href":"https:\/\/www.masdanza.com\/english\/wp-json\/wp\/v2\/media?parent=1975"}],"curies":[{"name":"wp","href":"https:\/\/api.w.org\/{rel}","templated":true}]}}