{"id":1966,"date":"2019-03-08T12:19:47","date_gmt":"2019-03-08T11:19:47","guid":{"rendered":"http:\/\/www.masdanza.com\/english\/?page_id=1966"},"modified":"2019-04-03T17:49:55","modified_gmt":"2019-04-03T15:49:55","slug":"iii-maspalomas-choreography-contest","status":"publish","type":"page","link":"https:\/\/www.masdanza.com\/english\/iii-maspalomas-choreography-contest\/","title":{"rendered":"III Maspalomas Choreography Contest"},"content":{"rendered":"\n<ul><li><strong>First Prize <\/strong><\/li><\/ul>\n\n\n\n<p><strong>AMORE AMORE<\/strong> (Madrid, Spain) <\/p>\n\n\n\n<blockquote class=\"wp-block-quote\"><p> <br><strong>Choreographer:<\/strong> Jos\u00e9 Reches <\/p><p> <br> <strong>Performers: <\/strong> M\u00aa Isabel Fuentes, Vanessa Medina, Lola Rubio, Jes\u00fas Caram\u00e9s, Jos\u00e9 Reches.<\/p><\/blockquote>\n\n\n\n<hr class=\"wp-block-separator\"\/>\n\n\n\n<ul><li><strong>Second Prize <\/strong><\/li><\/ul>\n\n\n\n<p><strong>DE CUANDO EL HAMBRE SE HART\u00d3 DE LAS GANAS DE COMER<\/strong> (Gran Canaria, Spain) <\/p>\n\n\n\n<blockquote class=\"wp-block-quote\"><p><strong>Choreographer: <\/strong>Carmelo Fern\u00e1ndez <\/p><p><strong>Performers:<\/strong> Inma Trujillo, Juan Ben\u00edtez, Rafa del Pino, Carmelo Fern\u00e1ndez.<\/p><\/blockquote>\n\n\n\n<hr class=\"wp-block-separator\"\/>\n\n\n\n<ul><li><strong>Third Prize <\/strong><\/li><\/ul>\n\n\n\n<p><strong>LAS AUTORIDADES SANITARIAS ADVIERTEN: PROTEJAN A LOS NI\u00d1OS <\/strong>(Barcelona, Spain) <\/p>\n\n\n\n<blockquote class=\"wp-block-quote\"><p><strong>Choreographers:<\/strong> Meritxell Ball\u00fas &amp; Cristina Mart\u00ed <\/p><p><strong>Performers: <\/strong>Meritxell Ball\u00fas, Cristina Mart\u00ed, Mireia Cabau, Pau G\u00f3mez, Yoshua Cienfuegos, Valent\u00edn Rocamora.<\/p><\/blockquote>\n","protected":false},"excerpt":{"rendered":"<p>First Prize AMORE AMORE (Madrid, Spain) Choreographer: Jos\u00e9 Reches Performers: M\u00aa Isabel Fuentes, Vanessa Medina, Lola Rubio, Jes\u00fas Caram\u00e9s, Jos\u00e9 Reches. Second Prize DE CUANDO EL HAMBRE SE HART\u00d3 DE LAS GANAS DE COMER (Gran Canaria, Spain) Choreographer: Carmelo Fern\u00e1ndez Performers: Inma Trujillo, Juan Ben\u00edtez, Rafa del Pino, Carmelo Fern\u00e1ndez. Third Prize LAS AUTORIDADES SANITARIAS [&hellip;]<\/p>\n","protected":false},"author":1,"featured_media":2230,"parent":0,"menu_order":0,"comment_status":"closed","ping_status":"closed","template":"","meta":{"_genesis_hide_title":false,"_genesis_hide_breadcrumbs":false,"_genesis_hide_singular_image":false,"_genesis_hide_footer_widgets":false,"_genesis_custom_body_class":"","_genesis_custom_post_class":"","_genesis_layout":"","footnotes":""},"_links":{"self":[{"href":"https:\/\/www.masdanza.com\/english\/wp-json\/wp\/v2\/pages\/1966"}],"collection":[{"href":"https:\/\/www.masdanza.com\/english\/wp-json\/wp\/v2\/pages"}],"about":[{"href":"https:\/\/www.masdanza.com\/english\/wp-json\/wp\/v2\/types\/page"}],"author":[{"embeddable":true,"href":"https:\/\/www.masdanza.com\/english\/wp-json\/wp\/v2\/users\/1"}],"replies":[{"embeddable":true,"href":"https:\/\/www.masdanza.com\/english\/wp-json\/wp\/v2\/comments?post=1966"}],"version-history":[{"count":4,"href":"https:\/\/www.masdanza.com\/english\/wp-json\/wp\/v2\/pages\/1966\/revisions"}],"predecessor-version":[{"id":2267,"href":"https:\/\/www.masdanza.com\/english\/wp-json\/wp\/v2\/pages\/1966\/revisions\/2267"}],"wp:featuredmedia":[{"embeddable":true,"href":"https:\/\/www.masdanza.com\/english\/wp-json\/wp\/v2\/media\/2230"}],"wp:attachment":[{"href":"https:\/\/www.masdanza.com\/english\/wp-json\/wp\/v2\/media?parent=1966"}],"curies":[{"name":"wp","href":"https:\/\/api.w.org\/{rel}","templated":true}]}}